{"id":92,"date":"2026-02-03T15:26:34","date_gmt":"2026-02-03T14:26:34","guid":{"rendered":"http:\/\/www.agencecollector.com\/?page_id=92"},"modified":"2026-03-20T16:34:10","modified_gmt":"2026-03-20T15:34:10","slug":"nos-formules","status":"publish","type":"page","link":"https:\/\/www.agencecollector.com\/?page_id=92","title":{"rendered":"Nos formules"},"content":{"rendered":"\n<h2 class=\"wp-block-heading alignfull has-text-align-center\" style=\"text-transform:none\">Nos formules <\/h2>\n\n\n\n<figure class=\"wp-block-image alignfull size-large\"><img loading=\"lazy\" decoding=\"async\" width=\"1024\" height=\"710\" src=\"https:\/\/www.agencecollector.com\/wp-content\/uploads\/2026\/03\/yukon-haughton-4ncwYUlNtEU-unsplash-4-1024x710.jpg\" alt=\"\" class=\"wp-image-335\" srcset=\"https:\/\/www.agencecollector.com\/wp-content\/uploads\/2026\/03\/yukon-haughton-4ncwYUlNtEU-unsplash-4-1024x710.jpg 1024w, https:\/\/www.agencecollector.com\/wp-content\/uploads\/2026\/03\/yukon-haughton-4ncwYUlNtEU-unsplash-4-300x208.jpg 300w, https:\/\/www.agencecollector.com\/wp-content\/uploads\/2026\/03\/yukon-haughton-4ncwYUlNtEU-unsplash-4-768x532.jpg 768w, https:\/\/www.agencecollector.com\/wp-content\/uploads\/2026\/03\/yukon-haughton-4ncwYUlNtEU-unsplash-4-1536x1064.jpg 1536w, https:\/\/www.agencecollector.com\/wp-content\/uploads\/2026\/03\/yukon-haughton-4ncwYUlNtEU-unsplash-4-2048x1419.jpg 2048w\" sizes=\"auto, (max-width: 1024px) 100vw, 1024px\" \/><\/figure>\n\n\n\n<div class=\"wp-block-group alignfull has-global-padding is-layout-constrained wp-block-group-is-layout-constrained\">\n<p class=\"has-text-align-center has-large-font-size\" style=\"text-transform:none\"><strong><mark style=\"background-color:#f0eee6;color:#1c39db\" class=\"has-inline-color\">SUR ABONNEMENT, AVEC ENGAGEMENT 3, 6 OU 12 MOIS <\/mark><\/strong><\/p>\n\n\n\n<p class=\"has-text-align-center has-large-font-size\" style=\"text-transform:none\"><strong><mark style=\"background-color:#dcf60b\" class=\"has-inline-color has-custom-color-3-color\">Le service de communication externalis\u00e9e<\/mark><\/strong><\/p>\n\n\n\n<p class=\"has-text-align-center has-medium-font-size\" style=\"text-transform:none\"><strong><mark style=\"background-color:rgba(0, 0, 0, 0)\" class=\"has-inline-color has-custom-color-3-color\">Le 100 %<\/mark><\/strong> : Collector devient votre direction strat\u00e9gique, \u00e9ditoriale et cr\u00e9ative : \u00e9criture de la strat\u00e9gie, production de contenus, travail d\u2019image, pilotage du r\u00e9cit.<\/p>\n<\/div>\n\n\n\n<div class=\"wp-block-group alignfull has-global-padding is-layout-constrained wp-block-group-is-layout-constrained\">\n<p class=\"has-medium-font-size\" style=\"text-transform:none\"><strong><mark style=\"background-color:rgba(0, 0, 0, 0)\" class=\"has-inline-color has-custom-color-3-color\">Le partag\u00e9<\/mark> : Collector structure votre strat\u00e9gie \u00e9ditoriale et visuelle, transmet m\u00e9thodes et outils et accompagne vos \u00e9quipes.<\/strong><\/p>\n\n\n\n<p class=\"has-text-align-center has-large-font-size\" style=\"text-transform:none\"><strong><mark style=\"background-color:#1c39db\" class=\"has-inline-color has-custom-color-4-color\">La Maison d\u2019\u00e9criture<\/mark><\/strong><\/p>\n\n\n\n<p class=\"has-text-align-center has-medium-font-size\" style=\"text-transform:none\"><mark style=\"background-color:rgba(0, 0, 0, 0)\" class=\"has-inline-color has-custom-color-3-color\">Le basique <\/mark>: 4 contenus \/ mois (contenus type article, post, newsletter, etc), calendrier \u00e9ditorial, r\u00e9vision et ajustements inclus, 1 session strat\u00e9gique de planification.<\/p>\n\n\n\n<p class=\"has-text-align-center has-medium-font-size\" style=\"text-transform:none\"><mark style=\"background-color:rgba(0, 0, 0, 0)\" class=\"has-inline-color has-custom-color-3-color\">Le Collector<\/mark> : 8 contenus \/ mois (contenus type article, posts, newsletter,etc), ghostwriting (\u00e9ditos, discours), ligne \u00e9ditoriale, une session strat\u00e9gique de planification.<\/p>\n<\/div>\n\n\n\n<div class=\"wp-block-group alignfull has-global-padding is-layout-constrained wp-block-group-is-layout-constrained\">\n<p class=\"has-text-align-center has-large-font-size\" style=\"text-transform:none\"><strong><mark style=\"background-color:#f0eee6;color:#1c39db\" class=\"has-inline-color\">HORS ABONNEMENT <\/mark><\/strong><\/p>\n\n\n\n<p class=\"has-text-align-center has-large-font-size\" style=\"text-transform:none\"><strong><mark style=\"background-color:#dcf60b\" class=\"has-inline-color has-custom-color-3-color\">Le sur-mesure<\/mark><\/strong><\/p>\n\n\n\n<p class=\"has-text-align-center has-medium-font-size\" style=\"text-transform:none\">Vous avez une demande pr\u00e9cise, on vous \u00e9coute : contactez-nous et nous \u00e9tablirons un devis ajust\u00e9 \u00e0 votre souhait.<\/p>\n\n\n\n<p class=\"has-text-align-center has-medium-font-size\" style=\"text-transform:none\">Pour les cr\u00e9ations d\u2019\u00e9dition (graphisme ou \u00e9criture + graphisme), nous pourrons \u00e9changer une fois votre besoin d\u00e9fini.<\/p>\n\n\n\n<p class=\"has-text-align-center has-large-font-size\" style=\"text-transform:none\"><mark style=\"background-color:#dcf60b;color:#1c39db\" class=\"has-inline-color\">L\u2019audit<\/mark><\/p>\n<\/div>\n\n\n\n<div class=\"wp-block-group alignfull has-global-padding is-layout-constrained wp-block-group-is-layout-constrained\">\n<p class=\"has-text-align-center has-medium-font-size\" style=\"text-transform:none\">On analyse ce que la marque dit, montre et donne \u00e0 voir : discours, visuels, supports, coh\u00e9rence globale.<\/p>\n\n\n\n<p class=\"has-text-align-center has-medium-font-size\" style=\"text-transform:none\">Format : \u00e9coute et brainstorming, analyse \u00e9ditoriale et visuelle, recommandations strat\u00e9giques et r\u00e9alisables<\/p>\n\n\n\n<p class=\"has-text-align-center has-large-font-size\" style=\"text-transform:none\"><strong><mark style=\"background-color:#ff62e8;color:#1c39db\" class=\"has-inline-color\">Le rendez-vous rien que pour vous<\/mark><\/strong><\/p>\n\n\n\n<p class=\"has-text-align-center \/* Conteneur principal pour limiter le texte sur tr\u00e8s grands \u00e9crans *\/ .main-content, .page-content, .container { max-width: 1200px; largeur maximale du margin: 0 auto; centre horizontalement padding: 20px; espace les petits } Optionnel : un peu d'espace avant footer margin-top: 60px; entre contenu et Ajustement responsive si tu as des sections larges @media (min-width: 1600px) 1400px; on peut \u00e9largir l\u00e9g\u00e8rement has-medium-font-size\" style=\"text-transform:none\">Pour travailler un sujet pr\u00e9cis, un projet ou un angle strat\u00e9gique.<\/p>\n<\/div>\n\n\n\n<div class=\"wp-block-group alignfull has-global-padding is-layout-constrained wp-block-group-is-layout-constrained\">\n<p class=\"has-text-align-center has-medium-font-size\" style=\"text-transform:none\">S\u00e9ance(s) individuelle(s) 1h30 \u00e0 3h, selon le projet.<\/p>\n\n\n\n<p class=\"has-text-align-center has-large-font-size\" style=\"text-transform:none\"><strong><mark style=\"background-color:#1c39db\" class=\"has-inline-color has-custom-color-3-color\">L\u2019atelier<\/mark><\/strong><\/p>\n\n\n\n<p class=\"has-text-align-center has-medium-font-size\" style=\"text-transform:none\">Tous les mois, Collector propose un atelier en petit comit\u00e9, sur une th\u00e9matique strat\u00e9gique de la communication. En pr\u00e9sence d\u2019un expert, nous vous donnerons tous les tips pour faire brandir votre com\u2019 et pourrons r\u00e9pondre \u00e0 vos questions de fa\u00e7on personnalis\u00e9e. Limit\u00e9 \u00e0 10 personnes maximum. Gratuit.<\/p>\n<\/div>\n","protected":false},"excerpt":{"rendered":"<p>Nos formules SUR ABONNEMENT, AVEC ENGAGEMENT 3, 6 OU 12 MOIS Le service de communication externalis\u00e9e Le 100 % : Collector devient votre direction strat\u00e9gique, \u00e9ditoriale et cr\u00e9ative : \u00e9criture de la strat\u00e9gie, production de contenus, travail d\u2019image, pilotage du r\u00e9cit. Le partag\u00e9 : Collector structure votre strat\u00e9gie \u00e9ditoriale et visuelle, transmet m\u00e9thodes et outils [&hellip;]<\/p>\n","protected":false},"author":274036179,"featured_media":0,"parent":0,"menu_order":0,"comment_status":"closed","ping_status":"closed","template":"","meta":{"footnotes":""},"class_list":["post-92","page","type-page","status-publish","hentry"],"_links":{"self":[{"href":"https:\/\/www.agencecollector.com\/index.php?rest_route=\/wp\/v2\/pages\/92","targetHints":{"allow":["GET"]}}],"collection":[{"href":"https:\/\/www.agencecollector.com\/index.php?rest_route=\/wp\/v2\/pages"}],"about":[{"href":"https:\/\/www.agencecollector.com\/index.php?rest_route=\/wp\/v2\/types\/page"}],"author":[{"embeddable":true,"href":"https:\/\/www.agencecollector.com\/index.php?rest_route=\/wp\/v2\/users\/274036179"}],"replies":[{"embeddable":true,"href":"https:\/\/www.agencecollector.com\/index.php?rest_route=%2Fwp%2Fv2%2Fcomments&post=92"}],"version-history":[{"count":34,"href":"https:\/\/www.agencecollector.com\/index.php?rest_route=\/wp\/v2\/pages\/92\/revisions"}],"predecessor-version":[{"id":403,"href":"https:\/\/www.agencecollector.com\/index.php?rest_route=\/wp\/v2\/pages\/92\/revisions\/403"}],"wp:attachment":[{"href":"https:\/\/www.agencecollector.com\/index.php?rest_route=%2Fwp%2Fv2%2Fmedia&parent=92"}],"curies":[{"name":"wp","href":"https:\/\/api.w.org\/{rel}","templated":true}]}}