{"id":78,"date":"2026-03-05T17:26:24","date_gmt":"2026-03-05T16:26:24","guid":{"rendered":"http:\/\/www.agencecollector.com\/?page_id=78"},"modified":"2026-03-20T16:31:13","modified_gmt":"2026-03-20T15:31:13","slug":"bienvenue-chez-collector","status":"publish","type":"page","link":"https:\/\/www.agencecollector.com\/?page_id=78","title":{"rendered":"Bienvenue chez collector !"},"content":{"rendered":"\n<figure class=\"wp-block-image alignfull size-full\"><img loading=\"lazy\" decoding=\"async\" width=\"2000\" height=\"1125\" src=\"https:\/\/www.agencecollector.com\/wp-content\/uploads\/2026\/03\/cropped-austrian-national-library-watsy4s9-nk-unsplash-edited.jpg\" alt=\"\" class=\"wp-image-274\" srcset=\"https:\/\/www.agencecollector.com\/wp-content\/uploads\/2026\/03\/cropped-austrian-national-library-watsy4s9-nk-unsplash-edited.jpg 2000w, https:\/\/www.agencecollector.com\/wp-content\/uploads\/2026\/03\/cropped-austrian-national-library-watsy4s9-nk-unsplash-edited-300x169.jpg 300w, https:\/\/www.agencecollector.com\/wp-content\/uploads\/2026\/03\/cropped-austrian-national-library-watsy4s9-nk-unsplash-edited-1024x576.jpg 1024w, https:\/\/www.agencecollector.com\/wp-content\/uploads\/2026\/03\/cropped-austrian-national-library-watsy4s9-nk-unsplash-edited-768x432.jpg 768w, https:\/\/www.agencecollector.com\/wp-content\/uploads\/2026\/03\/cropped-austrian-national-library-watsy4s9-nk-unsplash-edited-1536x864.jpg 1536w, https:\/\/www.agencecollector.com\/wp-content\/uploads\/2026\/03\/cropped-austrian-national-library-watsy4s9-nk-unsplash-edited-1200x675.jpg 1200w\" sizes=\"auto, (max-width: 2000px) 100vw, 2000px\" \/><\/figure>\n\n\n\n<div class=\"wp-block-group alignfull has-global-padding is-layout-constrained wp-block-group-is-layout-constrained\">\n<h2 class=\"wp-block-heading\">Qui sommes-nous ? <\/h2>\n\n\n\n<p class=\"has-medium-font-size\">(Bonne question)<\/p>\n\n\n\n<p class=\"has-drop-cap has-medium-font-size\">L&rsquo;agence Collector accompagne les marques qui veulent faire sens, cr\u00e9er du d\u00e9sir et laisser une empreinte culturelle durable gr\u00e2ce \u00e0 plusieurs leviers qui font notre ADN : l\u2019authenticit\u00e9 d\u2019un storytelling unique, qui ne ressemble qu\u2019\u00e0 vous, bien \u00e9videmment. <\/p>\n\n\n\n<p class=\"has-medium-font-size\" style=\"text-transform:none\">Dipl\u00f4m\u00e9e en litt\u00e9rature moderne et en d\u00e9veloppement culturel de la ville,  j\u2019ai travaill\u00e9 dans l\u2019\u00e9v\u00e9nementiel et dans les festivals avant de piloter la communication de collectivit\u00e9s publiques et d\u2019oeuvrer en agence \u00e0 raconter les territoires avec 3 moteurs-cl\u00e9s dans la construction des strat\u00e9gies propos\u00e9es :<\/p>\n\n\n\n<ul class=\"wp-block-list\">\n<li class=\"has-medium-font-size\">la passion de l\u2019\u00e9criture, parce que tout commence par des mots justes ;<\/li>\n<\/ul>\n\n\n\n<ul class=\"wp-block-list\">\n<li class=\"has-medium-font-size\">l\u2019audace d\u2019un positionnement, d\u2019une strat\u00e9gie, de concepts forts ;<\/li>\n<\/ul>\n\n\n\n<ul class=\"wp-block-list\">\n<li class=\"has-medium-font-size\">la cr\u00e9ation de collaborations artistiques aux petits oignons, choisies en fonction du projet avec des graphistes, illustrateurs \/ trices, sp\u00e9cialistes du marketing, entre autres ;<\/li>\n<\/ul>\n\n\n\n<p class=\"has-medium-font-size\">Marielle GUILLEMBET \/ agencecollector@gmail.com<\/p>\n\n\n\n<p class=\"\/* Conteneur principal pour limiter le texte sur tr\u00e8s grands \u00e9crans *\/ .main-content, .page-content, .container {     max-width: 1200px; \/* largeur maximale du texte *\/     margin: 0 auto;    \/* centre horizontalement *\/     padding: 0 20px;   \/* espace sur les petits \u00e9crans *\/ }  \/* Optionnel : un peu d'espace avant le footer *\/ footer {     margin-top: 60px;  \/* espace entre contenu et footer *\/ }  \/* Ajustement responsive si tu as des sections tr\u00e8s larges *\/ @media (min-width: 1600px) {     .main-content, .page-content, .container {         max-width: 1400px; \/* on peut \u00e9largir l\u00e9g\u00e8rement sur \u00e9crans tr\u00e8s grands *\/     } }\"><\/p>\n<\/div>\n\n\n\n<figure class=\"wp-block-gallery has-nested-images columns-default is-cropped has-black-background-color has-background wp-block-gallery-1 is-layout-flex wp-block-gallery-is-layout-flex\"><\/figure>\n","protected":false},"excerpt":{"rendered":"<p>Qui sommes-nous ? (Bonne question) L&rsquo;agence Collector accompagne les marques qui veulent faire sens, cr\u00e9er du d\u00e9sir et laisser une empreinte culturelle durable gr\u00e2ce \u00e0 plusieurs leviers qui font notre ADN : l\u2019authenticit\u00e9 d\u2019un storytelling unique, qui ne ressemble qu\u2019\u00e0 vous, bien \u00e9videmment. Dipl\u00f4m\u00e9e en litt\u00e9rature moderne et en d\u00e9veloppement culturel de la ville, j\u2019ai [&hellip;]<\/p>\n","protected":false},"author":274036179,"featured_media":0,"parent":0,"menu_order":0,"comment_status":"closed","ping_status":"closed","template":"","meta":{"footnotes":""},"class_list":["post-78","page","type-page","status-publish","hentry"],"_links":{"self":[{"href":"https:\/\/www.agencecollector.com\/index.php?rest_route=\/wp\/v2\/pages\/78","targetHints":{"allow":["GET"]}}],"collection":[{"href":"https:\/\/www.agencecollector.com\/index.php?rest_route=\/wp\/v2\/pages"}],"about":[{"href":"https:\/\/www.agencecollector.com\/index.php?rest_route=\/wp\/v2\/types\/page"}],"author":[{"embeddable":true,"href":"https:\/\/www.agencecollector.com\/index.php?rest_route=\/wp\/v2\/users\/274036179"}],"replies":[{"embeddable":true,"href":"https:\/\/www.agencecollector.com\/index.php?rest_route=%2Fwp%2Fv2%2Fcomments&post=78"}],"version-history":[{"count":11,"href":"https:\/\/www.agencecollector.com\/index.php?rest_route=\/wp\/v2\/pages\/78\/revisions"}],"predecessor-version":[{"id":397,"href":"https:\/\/www.agencecollector.com\/index.php?rest_route=\/wp\/v2\/pages\/78\/revisions\/397"}],"wp:attachment":[{"href":"https:\/\/www.agencecollector.com\/index.php?rest_route=%2Fwp%2Fv2%2Fmedia&parent=78"}],"curies":[{"name":"wp","href":"https:\/\/api.w.org\/{rel}","templated":true}]}}