{"id":345,"date":"2026-03-12T12:46:41","date_gmt":"2026-03-12T11:46:41","guid":{"rendered":"https:\/\/www.agencecollector.com\/?page_id=345"},"modified":"2026-03-20T16:33:47","modified_gmt":"2026-03-20T15:33:47","slug":"le-studio-artistique","status":"publish","type":"page","link":"https:\/\/www.agencecollector.com\/?page_id=345","title":{"rendered":"Le studio artistique"},"content":{"rendered":"\n<h2 class=\"wp-block-heading alignfull has-text-align-center\" style=\"text-transform:none\">Le studio artistique <\/h2>\n\n\n\n<figure class=\"wp-block-image alignfull size-large\"><img loading=\"lazy\" decoding=\"async\" width=\"1024\" height=\"679\" src=\"https:\/\/www.agencecollector.com\/wp-content\/uploads\/2026\/03\/armin-h3RoWx7Vd20-unsplash-2-1024x679.jpg\" alt=\"\" class=\"wp-image-346\" srcset=\"https:\/\/www.agencecollector.com\/wp-content\/uploads\/2026\/03\/armin-h3RoWx7Vd20-unsplash-2-1024x679.jpg 1024w, https:\/\/www.agencecollector.com\/wp-content\/uploads\/2026\/03\/armin-h3RoWx7Vd20-unsplash-2-300x199.jpg 300w, https:\/\/www.agencecollector.com\/wp-content\/uploads\/2026\/03\/armin-h3RoWx7Vd20-unsplash-2-768x509.jpg 768w, https:\/\/www.agencecollector.com\/wp-content\/uploads\/2026\/03\/armin-h3RoWx7Vd20-unsplash-2-1536x1019.jpg 1536w, https:\/\/www.agencecollector.com\/wp-content\/uploads\/2026\/03\/armin-h3RoWx7Vd20-unsplash-2-2048x1358.jpg 2048w\" sizes=\"auto, (max-width: 1024px) 100vw, 1024px\" \/><\/figure>\n\n\n\n<div class=\"wp-block-group alignfull has-global-padding is-layout-constrained wp-block-group-is-layout-constrained\">\n<p class=\"has-text-align-center has-large-font-size\" style=\"text-transform:none\"><strong><mark style=\"background-color:#dcf60b\" class=\"has-inline-color has-custom-color-3-color\">C\u2019est la base<\/mark><\/strong><\/p>\n\n\n\n<p class=\"has-text-align-center has-medium-font-size\" style=\"text-transform:none\">Collector, c\u2019est une agence de cr\u00e9ateurs : pour tout projet, nous invitons un cr\u00e9ateur capable d\u2019imaginer avec nous le plus beau des projets, for you only. Parce qu\u2019une direction artistique se construit dans une solide culture graphique et qu\u2019un concept \u00e9v\u00e9nementiel ne trouve sa force que dans la pluralit\u00e9 des regards, nous avons choisi le collectif comme terrain de jeux et d\u2019imagination. PS : vous faites partie du collectif, \u00e7a va sans dire.<\/p>\n<\/div>\n\n\n\n<div class=\"wp-block-group alignfull has-global-padding is-layout-constrained wp-block-group-is-layout-constrained\">\n<p class=\"has-text-align-center has-large-font-size\" style=\"text-transform:none\"><strong><mark style=\"background-color:#ff62e8\" class=\"has-inline-color has-custom-color-4-color\">Notre approche<\/mark><\/strong><\/p>\n\n\n\n<ul class=\"wp-block-list\">\n<li class=\"has-medium-font-size\">la co-cr\u00e9ation plut\u00f4t que la simple ex\u00e9cution,<\/li>\n\n\n\n<li class=\"has-medium-font-size\">le croisement des regards pour enrichir les r\u00e9cits,<\/li>\n\n\n\n<li class=\"has-medium-font-size\">le studio agit comme un chef d\u2019orchestre cr\u00e9atif, garant de la direction artistique, du sens et de la coh\u00e9rence du projet.<\/li>\n<\/ul>\n<\/div>\n\n\n\n<div class=\"wp-block-group alignfull \/* Conteneur principal pour limiter le texte sur tr\u00e8s grands \u00e9crans *\/ .main-content, .page-content, .container {  max-width: 1200px; largeur maximale du margin: 0 auto; centre horizontalement padding: 20px; espace les petits } Optionnel : un peu d&apos;espace avant footer margin-top: 60px; entre contenu et Ajustement responsive si tu as des sections larges @media (min-width: 1600px) 1400px; on peut \u00e9largir l\u00e9g\u00e8rement has-global-padding is-layout-constrained wp-block-group-is-layout-constrained\">\n<p class=\"has-text-align-center has-large-font-size\" style=\"text-transform:none\"><mark style=\"background-color:#dcf60b;color:#1c39db\" class=\"has-inline-color\">Ce que cela vous apporte<\/mark><\/p>\n\n\n\n<ul class=\"wp-block-list\">\n<li class=\"has-medium-font-size\">des id\u00e9es riches et incarn\u00e9es, nourries par une vraie collaboration artistique,<\/li>\n\n\n\n<li class=\"has-medium-font-size\">des cr\u00e9ations coh\u00e9rentes, audacieuses et align\u00e9es avec votre identit\u00e9.<\/li>\n\n\n\n<li class=\"has-medium-font-size\">un processus de travail fluide et stimulant, bas\u00e9 sur l\u2019\u00e9change et la confiance.<\/li>\n\n\n\n<li class=\"has-medium-font-size\">des projets qui gagnent en profondeur, en personnalit\u00e9 et en impact<\/li>\n<\/ul>\n<\/div>\n","protected":false},"excerpt":{"rendered":"<p>Le studio artistique C\u2019est la base Collector, c\u2019est une agence de cr\u00e9ateurs : pour tout projet, nous invitons un cr\u00e9ateur capable d\u2019imaginer avec nous le plus beau des projets, for you only. Parce qu\u2019une direction artistique se construit dans une solide culture graphique et qu\u2019un concept \u00e9v\u00e9nementiel ne trouve sa force que dans la pluralit\u00e9 [&hellip;]<\/p>\n","protected":false},"author":274036179,"featured_media":333,"parent":0,"menu_order":0,"comment_status":"closed","ping_status":"closed","template":"","meta":{"footnotes":""},"class_list":["post-345","page","type-page","status-publish","has-post-thumbnail","hentry"],"_links":{"self":[{"href":"https:\/\/www.agencecollector.com\/index.php?rest_route=\/wp\/v2\/pages\/345","targetHints":{"allow":["GET"]}}],"collection":[{"href":"https:\/\/www.agencecollector.com\/index.php?rest_route=\/wp\/v2\/pages"}],"about":[{"href":"https:\/\/www.agencecollector.com\/index.php?rest_route=\/wp\/v2\/types\/page"}],"author":[{"embeddable":true,"href":"https:\/\/www.agencecollector.com\/index.php?rest_route=\/wp\/v2\/users\/274036179"}],"replies":[{"embeddable":true,"href":"https:\/\/www.agencecollector.com\/index.php?rest_route=%2Fwp%2Fv2%2Fcomments&post=345"}],"version-history":[{"count":5,"href":"https:\/\/www.agencecollector.com\/index.php?rest_route=\/wp\/v2\/pages\/345\/revisions"}],"predecessor-version":[{"id":402,"href":"https:\/\/www.agencecollector.com\/index.php?rest_route=\/wp\/v2\/pages\/345\/revisions\/402"}],"wp:featuredmedia":[{"embeddable":true,"href":"https:\/\/www.agencecollector.com\/index.php?rest_route=\/wp\/v2\/media\/333"}],"wp:attachment":[{"href":"https:\/\/www.agencecollector.com\/index.php?rest_route=%2Fwp%2Fv2%2Fmedia&parent=345"}],"curies":[{"name":"wp","href":"https:\/\/api.w.org\/{rel}","templated":true}]}}