{"id":285,"date":"2026-03-05T17:26:47","date_gmt":"2026-03-05T16:26:47","guid":{"rendered":"http:\/\/www.agencecollector.com\/?page_id=285"},"modified":"2026-03-20T16:31:53","modified_gmt":"2026-03-20T15:31:53","slug":"contact","status":"publish","type":"page","link":"https:\/\/www.agencecollector.com\/?page_id=285","title":{"rendered":"contact"},"content":{"rendered":"\n<h2 class=\"wp-block-heading alignfull has-text-align-center\" style=\"text-transform:none\">Contact !<\/h2>\n\n\n\n<div class=\"wp-block-group alignfull has-global-padding is-layout-constrained wp-block-group-is-layout-constrained\">\n<figure class=\"wp-block-image alignfull size-large\"><img loading=\"lazy\" decoding=\"async\" width=\"1024\" height=\"1024\" src=\"https:\/\/www.agencecollector.com\/wp-content\/uploads\/2026\/03\/shamblen-studios-xgFSnExVsiI-unsplash-6-1024x1024.jpg\" alt=\"\" class=\"wp-image-359\" srcset=\"https:\/\/www.agencecollector.com\/wp-content\/uploads\/2026\/03\/shamblen-studios-xgFSnExVsiI-unsplash-6-1024x1024.jpg 1024w, https:\/\/www.agencecollector.com\/wp-content\/uploads\/2026\/03\/shamblen-studios-xgFSnExVsiI-unsplash-6-300x300.jpg 300w, https:\/\/www.agencecollector.com\/wp-content\/uploads\/2026\/03\/shamblen-studios-xgFSnExVsiI-unsplash-6-150x150.jpg 150w, https:\/\/www.agencecollector.com\/wp-content\/uploads\/2026\/03\/shamblen-studios-xgFSnExVsiI-unsplash-6-768x768.jpg 768w, https:\/\/www.agencecollector.com\/wp-content\/uploads\/2026\/03\/shamblen-studios-xgFSnExVsiI-unsplash-6-1536x1536.jpg 1536w, https:\/\/www.agencecollector.com\/wp-content\/uploads\/2026\/03\/shamblen-studios-xgFSnExVsiI-unsplash-6-2048x2048.jpg 2048w\" sizes=\"auto, (max-width: 1024px) 100vw, 1024px\" \/><\/figure>\n<\/div>\n\n\n\n<div class=\"wp-block-group alignfull \/* Conteneur principal pour limiter le texte sur tr\u00e8s grands \u00e9crans *\/ .main-content, .page-content, .container {  max-width: 1200px; largeur maximale du margin: 0 auto; centre horizontalement padding: 20px; espace les petits } Optionnel : un peu d&apos;espace avant footer margin-top: 60px; entre contenu et Ajustement responsive si tu as des sections larges @media (min-width: 1600px) 1400px; on peut \u00e9largir l\u00e9g\u00e8rement has-global-padding is-layout-constrained wp-block-group-is-layout-constrained\">\n<p class=\"has-drop-cap has-medium-font-size\">Le mieux, c&rsquo;est quand m\u00eame d&rsquo;\u00e9changer, de papoter et pour nous, de vous \u00e9couter ! <\/p>\n\n\n\n<p><\/p>\n\n\n\n<p class=\"has-medium-font-size\" style=\"text-transform:none\">Vous pouvez nous contacter :<\/p>\n\n\n\n<ul style=\"text-transform:none\" class=\"wp-block-list\">\n<li class=\"has-medium-font-size\">Par t\u00e9l\u00e9phone : 06 40 86 35 95<\/li>\n\n\n\n<li class=\"has-medium-font-size\">Par mail : agencecollector@agencecollector<\/li>\n\n\n\n<li class=\"has-medium-font-size\">En DM sur Instagram @agence_collector<\/li>\n<\/ul>\n<\/div>\n","protected":false},"excerpt":{"rendered":"<p>Contact ! Le mieux, c&rsquo;est quand m\u00eame d&rsquo;\u00e9changer, de papoter et pour nous, de vous \u00e9couter ! Vous pouvez nous contacter :<\/p>\n","protected":false},"author":274036179,"featured_media":0,"parent":0,"menu_order":0,"comment_status":"closed","ping_status":"closed","template":"","meta":{"footnotes":""},"class_list":["post-285","page","type-page","status-publish","hentry"],"_links":{"self":[{"href":"https:\/\/www.agencecollector.com\/index.php?rest_route=\/wp\/v2\/pages\/285","targetHints":{"allow":["GET"]}}],"collection":[{"href":"https:\/\/www.agencecollector.com\/index.php?rest_route=\/wp\/v2\/pages"}],"about":[{"href":"https:\/\/www.agencecollector.com\/index.php?rest_route=\/wp\/v2\/types\/page"}],"author":[{"embeddable":true,"href":"https:\/\/www.agencecollector.com\/index.php?rest_route=\/wp\/v2\/users\/274036179"}],"replies":[{"embeddable":true,"href":"https:\/\/www.agencecollector.com\/index.php?rest_route=%2Fwp%2Fv2%2Fcomments&post=285"}],"version-history":[{"count":6,"href":"https:\/\/www.agencecollector.com\/index.php?rest_route=\/wp\/v2\/pages\/285\/revisions"}],"predecessor-version":[{"id":398,"href":"https:\/\/www.agencecollector.com\/index.php?rest_route=\/wp\/v2\/pages\/285\/revisions\/398"}],"wp:attachment":[{"href":"https:\/\/www.agencecollector.com\/index.php?rest_route=%2Fwp%2Fv2%2Fmedia&parent=285"}],"curies":[{"name":"wp","href":"https:\/\/api.w.org\/{rel}","templated":true}]}}